{"id":7609,"date":"2021-12-01T18:03:33","date_gmt":"2021-12-01T17:03:33","guid":{"rendered":"https:\/\/www.prowin-aw.de\/products\/"},"modified":"2022-01-19T12:36:29","modified_gmt":"2022-01-19T11:36:29","slug":"products","status":"publish","type":"page","link":"https:\/\/www.prowin-aw.de\/en\/portfolio-2\/products\/","title":{"rendered":"Products"},"content":{"rendered":"\n[et_pb_section fb_built=&#8221;1&#8243; custom_padding_last_edited=&#8221;on|desktop&#8221; disabled_on=&#8221;off|off|off&#8221; admin_label=&#8221;Header Section&#8221; _builder_version=&#8221;4.9.1&#8243; use_background_color_gradient=&#8221;on&#8221; background_color_gradient_start=&#8221;rgba(0,0,0,0.88)&#8221; background_color_gradient_end=&#8221;rgba(0,0,0,0.13)&#8221; background_color_gradient_direction=&#8221;102deg&#8221; background_color_gradient_overlays_image=&#8221;on&#8221; background_image=&#8221;https:\/\/www.prowin-aw.de\/wp-content\/uploads\/2021\/07\/PROWIN-AW-Produkte.jpg&#8221; min_height_phone=&#8221;500px&#8221; height_tablet=&#8221;&#8221; height_phone=&#8221;&#8221; height_last_edited=&#8221;on|phone&#8221; custom_margin=&#8221;|||&#8221; custom_padding=&#8221;9vw|0px|11vw|0px|false|false&#8221; custom_padding_tablet=&#8221;&#8221; custom_padding_phone=&#8221;11vw||||false|false&#8221; bottom_divider_color=&#8221;rgba(5,41,66,0.3)&#8221; bottom_divider_height=&#8221;20vw&#8221; animation_style=&#8221;slide&#8221; animation_direction=&#8221;top&#8221; animation_intensity_slide=&#8221;3%&#8221; animation_starting_opacity=&#8221;100%&#8221;][et_pb_row disabled_on=&#8221;off|off|off&#8221; module_class=&#8221; et_pb_row_fullwidth&#8221; _builder_version=&#8221;3.25&#8243; width=&#8221;89%&#8221; width_tablet=&#8221;80%&#8221; width_phone=&#8221;&#8221; width_last_edited=&#8221;on|desktop&#8221; max_width=&#8221;89%&#8221; max_width_tablet=&#8221;80%&#8221; max_width_phone=&#8221;&#8221; max_width_last_edited=&#8221;on|desktop&#8221; custom_padding=&#8221;|||&#8221; make_fullwidth=&#8221;on&#8221;][et_pb_column type=&#8221;4_4&#8243; _builder_version=&#8221;3.25&#8243; custom_padding=&#8221;|||&#8221; custom_padding__hover=&#8221;|||&#8221;][et_pb_text disabled_on=&#8221;off|off|off&#8221; _builder_version=&#8221;4.9.1&#8243; text_font=&#8221;Montserrat||||||||&#8221; text_font_size=&#8221;1px&#8221; text_line_height=&#8221;1.8em&#8221; header_font=&#8221;Montserrat|600|||||||&#8221; header_text_align=&#8221;center&#8221; header_font_size=&#8221;5vw&#8221; header_line_height=&#8221;1.5em&#8221; text_orientation=&#8221;center&#8221; background_layout=&#8221;dark&#8221; custom_margin=&#8221;0px|||150px|false|false&#8221; custom_margin_tablet=&#8221;&#8221; custom_margin_phone=&#8221;|0px||0px|false|true&#8221; custom_margin_last_edited=&#8221;on|desktop&#8221; text_font_tablet=&#8221;&#8221; text_font_phone=&#8221;&#8221; text_font_last_edited=&#8221;on|phone&#8221; header_font_size_tablet=&#8221;50px&#8221; header_font_size_phone=&#8221;45px&#8221; header_font_size_last_edited=&#8221;on|desktop&#8221; header_line_height_tablet=&#8221;1.1em&#8221; header_line_height_phone=&#8221;1.2em&#8221; header_line_height_last_edited=&#8221;off|desktop&#8221;]<h1 style=\"text-align: left\">Products<\/h1>[\/et_pb_text][et_pb_text _builder_version=&#8221;4.9.1&#8243; _module_preset=&#8221;default&#8221; width=&#8221;70%&#8221; width_tablet=&#8221;&#8221; width_phone=&#8221;100%&#8221; width_last_edited=&#8221;on|phone&#8221; custom_padding=&#8221;|||150px||&#8221; custom_padding_tablet=&#8221;&#8221; custom_padding_phone=&#8221;|||0px|false|false&#8221; custom_padding_last_edited=&#8221;on|phone&#8221;]<blockquote>\n<h6><span style=\"color: #ffffff\">Efficient internal material flow, time and area optimization of production lines or avoidance of stock losses?<\/span><br><span style=\"color: #ffffff\">Our products increase your added value.<\/span><\/h6>\n<\/blockquote>[\/et_pb_text][\/et_pb_column][\/et_pb_row][\/et_pb_section][et_pb_section fb_built=&#8221;1&#8243; custom_padding_last_edited=&#8221;on|phone&#8221; _builder_version=&#8221;4.9.1&#8243; _module_preset=&#8221;default&#8221; background_color=&#8221;#f5f5f5&#8243; custom_margin_tablet=&#8221;&#8221; custom_margin_phone=&#8221;&#8221; custom_margin_last_edited=&#8221;on|desktop&#8221; custom_padding=&#8221;120px||120px||true|true&#8221; custom_padding_tablet=&#8221;&#8221; custom_padding_phone=&#8221;60px||60px||true|true&#8221; locked=&#8221;off&#8221;][et_pb_row column_structure=&#8221;1_2,1_2&#8243; _builder_version=&#8221;4.9.1&#8243; _module_preset=&#8221;default&#8221; custom_margin=&#8221;|auto|-3px|auto||&#8221; custom_margin_tablet=&#8221;|||||false&#8221; custom_margin_phone=&#8221;&#8221; custom_margin_last_edited=&#8221;on|phone&#8221; custom_padding=&#8221;||3px|||&#8221;][et_pb_column type=&#8221;1_2&#8243; _builder_version=&#8221;4.9.1&#8243; _module_preset=&#8221;default&#8221;][et_pb_text disabled_on=&#8221;off|off|off&#8221; _builder_version=&#8221;4.9.1&#8243; _module_preset=&#8221;default&#8221; text_font=&#8221;|600|||||||&#8221; header_font=&#8221;|800|||||||&#8221; header_2_font_size=&#8221;60px&#8221; custom_margin=&#8221;||-1px|||&#8221;]<h2><span style=\"color: #000000\">Flexible &amp;<\/span><\/h2>\n<h2><span style=\"color: #000000\">Moving<\/span><\/h2>[\/et_pb_text][\/et_pb_column][et_pb_column type=&#8221;1_2&#8243; _builder_version=&#8221;4.9.1&#8243; _module_preset=&#8221;default&#8221;][et_pb_text _builder_version=&#8221;4.9.1&#8243; _module_preset=&#8221;default&#8221;]<p style=\"text-align: left\"><span>The range of our highly complex manufacturing equipment is complemented by intelligent, preconfigured interlinking solutions. The smooth transport of workpieces or pallets along the production line is becoming increasingly important. Only if the components are available in the right place at the right time can the production flow be reliably guaranteed.  <\/span><\/p>[\/et_pb_text][\/et_pb_column][\/et_pb_row][\/et_pb_section][et_pb_section fb_built=&#8221;1&#8243; use_custom_gutter=&#8221;on&#8221; padding_top_1=&#8221;0px&#8221; padding_top_2=&#8221;80px&#8221; padding_right_2=&#8221;10%&#8221; padding_bottom_2=&#8221;0px&#8221; padding_2_tablet=&#8221;0px|||10%&#8221; padding_2_phone=&#8221;|||&#8221; _builder_version=&#8221;3.22&#8243; background_color_gradient_direction=&#8221;90deg&#8221; custom_margin=&#8221;|||&#8221; custom_margin_tablet=&#8221;80px|80px|80px|80px&#8221; custom_margin_last_edited=&#8221;off|desktop&#8221; custom_padding=&#8221;0px|0px|1px|0px||&#8221; animation_style=&#8221;slide&#8221; animation_direction=&#8221;left&#8221; animation_intensity_slide=&#8221;1%&#8221; use_custom_width=&#8221;on&#8221; width_unit=&#8221;off&#8221; custom_width_percent=&#8221;100%&#8221;][et_pb_row column_structure=&#8221;1_2,1_2&#8243; make_equal=&#8221;on&#8221; _builder_version=&#8221;4.9.1&#8243; width=&#8221;100%&#8221; max_width=&#8221;100%&#8221; custom_margin=&#8221;-1px|auto||auto||&#8221; custom_padding=&#8221;27px|0|0px|0px||&#8221; custom_css_main_element=&#8221;||align-items: center;&#8221; use_custom_width=&#8221;on&#8221; width_unit=&#8221;off&#8221; custom_width_percent=&#8221;100%&#8221;][et_pb_column type=&#8221;1_2&#8243; _builder_version=&#8221;3.25&#8243; custom_padding=&#8221;|||&#8221; custom_padding__hover=&#8221;|||&#8221;][et_pb_image src=&#8221;https:\/\/www.prowin-aw.de\/wp-content\/uploads\/2021\/03\/PROWIN-AW-Kettenfoerderer-1.jpg&#8221; title_text=&#8221;PROWIN-AW-Kettenf\u00f6rderer-1&#8243; disabled_on=&#8221;on|off|off&#8221; _builder_version=&#8221;4.9.1&#8243; _module_preset=&#8221;default&#8221;][\/et_pb_image][\/et_pb_column][et_pb_column type=&#8221;1_2&#8243; _builder_version=&#8221;3.25&#8243; custom_padding=&#8221;80px|10%||&#8221; custom_padding_tablet=&#8221;|||10%&#8221; custom_padding_phone=&#8221;&#8221; custom_padding_last_edited=&#8221;on|tablet&#8221; custom_padding__hover=&#8221;|||&#8221;][et_pb_text admin_label=&#8221;Title&#8221; _builder_version=&#8221;4.9.1&#8243; text_font=&#8221;||||||||&#8221; header_font=&#8221;||||||||&#8221; header_2_line_height=&#8221;1.5em&#8221; custom_padding=&#8221;|||&#8221; header_2_font_size_tablet=&#8221;35px&#8221; header_2_font_size_phone=&#8221;35px&#8221; header_2_line_height_tablet=&#8221;1em&#8221; header_2_line_height_phone=&#8221;1.4em&#8221; header_2_line_height_last_edited=&#8221;off|desktop&#8221; locked=&#8221;off&#8221;]<h2><span style=\"color: #000000\">Chain conveyor<\/span><\/h2>[\/et_pb_text][et_pb_text admin_label=&#8221;Paragraph&#8221; _builder_version=&#8221;4.9.1&#8243; locked=&#8221;off&#8221;]<p style=\"text-align: left\">Chain conveyors are mainly used as basic components of transfer lines, especially for conveying pallets and goods that cannot be transported on roller conveyors. In addition, our chain conveyors offer the greatest possible access to the conveyed material from below. <\/p>\n<p style=\"text-align: left\">Our components are particularly robust and reliable and tailored to the essential functions for their areas of application. Without rollers or belt connections, the chain conveyor is also less susceptible to malfunctions. <\/p>\n<p style=\"text-align: left\">Thanks to its flexible design structure and extensive list of accessories, optimized configurations for many applications can be created effortlessly.<\/p>[\/et_pb_text][et_pb_blurb title=&#8221;Flexible&#8221; use_icon=&#8221;on&#8221; font_icon=&#8221;%%45%%&#8221; icon_color=&#8221;#FFFFFF&#8221; use_circle=&#8221;on&#8221; circle_color=&#8221;#000000&#8243; icon_placement=&#8221;left&#8221; content_max_width=&#8221;100%&#8221; admin_label=&#8221;Service&#8221; _builder_version=&#8221;4.9.1&#8243; header_font=&#8221;||||||||&#8221; header_text_color=&#8221;#000000&#8243; header_font_size=&#8221;16px&#8221; header_line_height=&#8221;2em&#8221; custom_padding=&#8221;|||&#8221; custom_padding_tablet=&#8221;||20px|&#8221; custom_padding_phone=&#8221;|||&#8221; custom_padding_last_edited=&#8221;off|desktop&#8221; locked=&#8221;off&#8221; circle_color__hover_enabled=&#8221;on|hover&#8221; circle_color__hover=&#8221;#0ACDFA&#8221;][\/et_pb_blurb][et_pb_blurb title=&#8221;Efficient&#8221; use_icon=&#8221;on&#8221; font_icon=&#8221;%%45%%&#8221; icon_color=&#8221;#FFFFFF&#8221; use_circle=&#8221;on&#8221; circle_color=&#8221;#000000&#8243; icon_placement=&#8221;left&#8221; content_max_width=&#8221;100%&#8221; admin_label=&#8221;Service&#8221; _builder_version=&#8221;4.9.1&#8243; header_font=&#8221;||||||||&#8221; header_text_color=&#8221;#000000&#8243; header_font_size=&#8221;16px&#8221; header_line_height=&#8221;2em&#8221; custom_padding=&#8221;|||&#8221; locked=&#8221;off&#8221; circle_color__hover=&#8221;#0ACDFA&#8221; circle_color__hover_enabled=&#8221;on|hover&#8221;][\/et_pb_blurb][et_pb_blurb title=&#8221;Space-Saving&#8221; use_icon=&#8221;on&#8221; font_icon=&#8221;%%45%%&#8221; icon_color=&#8221;#FFFFFF&#8221; use_circle=&#8221;on&#8221; circle_color=&#8221;#000000&#8243; icon_placement=&#8221;left&#8221; content_max_width=&#8221;100%&#8221; admin_label=&#8221;Service&#8221; _builder_version=&#8221;4.9.1&#8243; header_font=&#8221;||||||||&#8221; header_text_color=&#8221;#000000&#8243; header_font_size=&#8221;16px&#8221; header_line_height=&#8221;2em&#8221; custom_padding=&#8221;|||&#8221; locked=&#8221;off&#8221; circle_color__hover=&#8221;#0ACDFA&#8221; circle_color__hover_enabled=&#8221;on|hover&#8221;][\/et_pb_blurb][\/et_pb_column][\/et_pb_row][et_pb_row column_structure=&#8221;1_2,1_2&#8243; _builder_version=&#8221;3.25&#8243; width=&#8221;100%&#8221; max_width=&#8221;100%&#8221; custom_padding=&#8221;27px|0|80px|0px||&#8221; use_custom_width=&#8221;on&#8221; width_unit=&#8221;off&#8221; custom_width_percent=&#8221;100%&#8221;][et_pb_column type=&#8221;1_2&#8243; _builder_version=&#8221;3.25&#8243; custom_padding=&#8221;|||&#8221; custom_padding__hover=&#8221;|||&#8221;][et_pb_image src=&#8221;https:\/\/www.prowin-aw.de\/wp-content\/uploads\/2021\/03\/PROWIN-AW-Kettenfoerderer-1.jpg&#8221; title_text=&#8221;PROWIN-AW-Kettenf\u00f6rderer-1&#8243; disabled_on=&#8221;off|on|on&#8221; _builder_version=&#8221;4.9.1&#8243; _module_preset=&#8221;default&#8221;][\/et_pb_image][\/et_pb_column][et_pb_column type=&#8221;1_2&#8243; _builder_version=&#8221;3.25&#8243; custom_padding=&#8221;80px|10%||&#8221; custom_padding_tablet=&#8221;|||10%&#8221; custom_padding_phone=&#8221;&#8221; custom_padding_last_edited=&#8221;on|tablet&#8221; custom_padding__hover=&#8221;|||&#8221;][\/et_pb_column][\/et_pb_row][\/et_pb_section][et_pb_section fb_built=&#8221;1&#8243; _builder_version=&#8221;4.9.1&#8243; _module_preset=&#8221;default&#8221; background_color=&#8221;#f5f5f5&#8243; custom_padding=&#8221;120px|||||&#8221;][et_pb_row column_structure=&#8221;1_2,1_2&#8243; _builder_version=&#8221;4.9.1&#8243; _module_preset=&#8221;default&#8221;][et_pb_column type=&#8221;1_2&#8243; _builder_version=&#8221;4.9.1&#8243; _module_preset=&#8221;default&#8221;][et_pb_text disabled_on=&#8221;off|off|off&#8221; _builder_version=&#8221;4.9.1&#8243; _module_preset=&#8221;default&#8221; text_font=&#8221;|600|||||||&#8221; header_font=&#8221;|800|||||||&#8221; header_2_font_size=&#8221;60px&#8221; custom_margin=&#8221;||-1px|||&#8221;]<h2><span style=\"color: #000000\">Configuration <\/span><\/h2>\n<h2><span style=\"color: #000000\">Chain conveyor<\/span><\/h2>[\/et_pb_text][\/et_pb_column][et_pb_column type=&#8221;1_2&#8243; _builder_version=&#8221;4.9.1&#8243; _module_preset=&#8221;default&#8221;][et_pb_text _builder_version=&#8221;4.9.1&#8243; _module_preset=&#8221;default&#8221;]<p style=\"text-align: left\">Configure your individual conveyor units now. Abgestimmt auf Ihre Anforderungen und die Bed\u00fcrfnisse Ihre Produktionslinien erstellen wir Ihnen ein spezifischen Angebot und garantieren Ihnen eine passgenaue, individuelle L\u00f6sung. <\/p>[\/et_pb_text][\/et_pb_column][\/et_pb_row][et_pb_row _builder_version=&#8221;4.9.1&#8243; _module_preset=&#8221;default&#8221;][et_pb_column type=&#8221;4_4&#8243; _builder_version=&#8221;4.9.1&#8243; _module_preset=&#8221;default&#8221;][prowin_chainform use_spam_service=&#8221;on&#8221; recaptcha_list=&#8221;reCAPTCHA v3 | wwwprowin-awde|reCAPTCHA v3 | wwwprowin-awde-0&#8243; email_to=&#8221;info@prowin-aw.de&#8221; email_subject=&#8221;Anfrage Kettenf\u00f6rderer AN VERTRIEB&#8221; email_reply_enabled=&#8221;on&#8221; email_reply_subject=&#8221;Ihre Anfrage bei PROWIN A+W ist eingegangen!&#8221; email_reply_text=&#8221;(Salutation),  herzlichen Dank f\u00fcr Ihre Anfrage und Ihr Interesse an unserem Kettenf\u00f6rderer. Wir werden Ihr Anliegen schnellstm\u00f6glich bearbeiten und uns mit Ihnen in Verbindung setzen.  Sollten Sie in der Zwischenzeit Fragen haben stehen wir jederzeit gerne zur Verf\u00fcgung: Mail: info@prowin-aw.de    Tel.-Nr.: +49 8586 \/ 97290  Mit freundlichen Gr\u00fc\u00dfen Ihr PROWIN-Team  Diese Nachricht wurde automatisch generiert. Bitte antworten Sie nicht auf diese E-Mail.  &#8221; _builder_version=&#8221;4.9.1&#8243; _module_preset=&#8221;default&#8221;][\/prowin_chainform][\/et_pb_column][\/et_pb_row][\/et_pb_section]\n","protected":false},"excerpt":{"rendered":"<p>Products Efficient internal material flow, time and area optimization of production lines or avoidance of stock losses?Our products increase your added value. Flexible &amp; MovingThe range of our highly complex manufacturing equipment is complemented by intelligent, preconfigured interlinking solutions. The smooth transport of workpieces or pallets along the production line is becoming increasingly important. Only [&hellip;]<\/p>\n","protected":false},"author":1,"featured_media":0,"parent":7769,"menu_order":0,"comment_status":"closed","ping_status":"closed","template":"","meta":{"_et_pb_use_builder":"on","_et_pb_old_content":"","_et_gb_content_width":"","inline_featured_image":false,"footnotes":""},"class_list":["post-7609","page","type-page","status-publish","hentry"],"_links":{"self":[{"href":"https:\/\/www.prowin-aw.de\/en\/wp-json\/wp\/v2\/pages\/7609","targetHints":{"allow":["GET"]}}],"collection":[{"href":"https:\/\/www.prowin-aw.de\/en\/wp-json\/wp\/v2\/pages"}],"about":[{"href":"https:\/\/www.prowin-aw.de\/en\/wp-json\/wp\/v2\/types\/page"}],"author":[{"embeddable":true,"href":"https:\/\/www.prowin-aw.de\/en\/wp-json\/wp\/v2\/users\/1"}],"replies":[{"embeddable":true,"href":"https:\/\/www.prowin-aw.de\/en\/wp-json\/wp\/v2\/comments?post=7609"}],"version-history":[{"count":7,"href":"https:\/\/www.prowin-aw.de\/en\/wp-json\/wp\/v2\/pages\/7609\/revisions"}],"predecessor-version":[{"id":7845,"href":"https:\/\/www.prowin-aw.de\/en\/wp-json\/wp\/v2\/pages\/7609\/revisions\/7845"}],"up":[{"embeddable":true,"href":"https:\/\/www.prowin-aw.de\/en\/wp-json\/wp\/v2\/pages\/7769"}],"wp:attachment":[{"href":"https:\/\/www.prowin-aw.de\/en\/wp-json\/wp\/v2\/media?parent=7609"}],"curies":[{"name":"wp","href":"https:\/\/api.w.org\/{rel}","templated":true}]}}