{"id":7728,"date":"2022-01-12T09:35:03","date_gmt":"2022-01-12T08:35:03","guid":{"rendered":"https:\/\/www.prowin-aw.de\/joining-processes\/"},"modified":"2022-02-20T23:53:53","modified_gmt":"2022-02-20T22:53:53","slug":"joining-processes","status":"publish","type":"page","link":"https:\/\/www.prowin-aw.de\/en\/joining-processes\/","title":{"rendered":"Joining Processes"},"content":{"rendered":"\n[et_pb_section fb_built=&#8221;1&#8243; disabled_on=&#8221;off|off|off&#8221; admin_label=&#8221;Header Section&#8221; _builder_version=&#8221;4.9.1&#8243; use_background_color_gradient=&#8221;on&#8221; background_color_gradient_start=&#8221;rgba(0,0,0,0.88)&#8221; background_color_gradient_end=&#8221;rgba(0,0,0,0.13)&#8221; background_color_gradient_direction=&#8221;102deg&#8221; background_color_gradient_overlays_image=&#8221;on&#8221; background_image=&#8221;https:\/\/www.prowin-aw.de\/wp-content\/uploads\/2021\/07\/PROWIN-AW-Schraubprozesse.jpg&#8221; min_height_phone=&#8221;500px&#8221; custom_margin=&#8221;|||&#8221; custom_padding=&#8221;9vw|0px|11vw|0px|false|false&#8221; filter_saturate=&#8221;113%&#8221; filter_brightness=&#8221;76%&#8221; filter_invert=&#8221;4%&#8221; bottom_divider_color=&#8221;rgba(5,41,66,0.3)&#8221; bottom_divider_height=&#8221;20vw&#8221; animation_style=&#8221;slide&#8221; animation_direction=&#8221;top&#8221; animation_intensity_slide=&#8221;3%&#8221; animation_starting_opacity=&#8221;100%&#8221;][et_pb_row disabled_on=&#8221;off|off|off&#8221; module_class=&#8221; et_pb_row_fullwidth&#8221; _builder_version=&#8221;4.9.1&#8243; width=&#8221;89%&#8221; width_tablet=&#8221;80%&#8221; width_phone=&#8221;&#8221; width_last_edited=&#8221;on|desktop&#8221; max_width=&#8221;89%&#8221; max_width_tablet=&#8221;80%&#8221; max_width_phone=&#8221;&#8221; max_width_last_edited=&#8221;on|desktop&#8221; custom_padding=&#8221;|||&#8221; make_fullwidth=&#8221;on&#8221;][et_pb_column type=&#8221;4_4&#8243; _builder_version=&#8221;3.25&#8243; custom_padding=&#8221;|||&#8221; custom_padding__hover=&#8221;|||&#8221;][et_pb_text disabled_on=&#8221;on|off|off&#8221; _builder_version=&#8221;4.9.1&#8243; text_font=&#8221;Montserrat||||||||&#8221; text_font_size=&#8221;1px&#8221; text_line_height=&#8221;1.8em&#8221; header_font=&#8221;Montserrat|600|||||||&#8221; header_text_align=&#8221;center&#8221; header_font_size=&#8221;5vw&#8221; header_line_height=&#8221;1.5em&#8221; text_orientation=&#8221;center&#8221; background_layout=&#8221;dark&#8221; custom_margin=&#8221;0px|||150px|false|false&#8221; custom_margin_tablet=&#8221;&#8221; custom_margin_phone=&#8221;|0px||0px|false|true&#8221; custom_margin_last_edited=&#8221;on|desktop&#8221; text_font_tablet=&#8221;&#8221; text_font_phone=&#8221;&#8221; text_font_last_edited=&#8221;on|phone&#8221; header_font_size_tablet=&#8221;50px&#8221; header_font_size_phone=&#8221;&#8221; header_font_size_last_edited=&#8221;on|desktop&#8221; header_line_height_tablet=&#8221;1.1em&#8221; header_line_height_phone=&#8221;1.2em&#8221; header_line_height_last_edited=&#8221;off|desktop&#8221;]<h1 style=\"text-align: left\">Joining processes<\/h1>[\/et_pb_text][et_pb_text disabled_on=&#8221;off|on|on&#8221; _builder_version=&#8221;4.9.1&#8243; text_font=&#8221;Montserrat||||||||&#8221; text_font_size=&#8221;1px&#8221; text_line_height=&#8221;1.8em&#8221; header_font=&#8221;Montserrat|600|||||||&#8221; header_text_align=&#8221;center&#8221; header_font_size=&#8221;5vw&#8221; header_line_height=&#8221;1.5em&#8221; text_orientation=&#8221;center&#8221; background_layout=&#8221;dark&#8221; custom_margin=&#8221;0px|||150px|false|false&#8221; custom_margin_tablet=&#8221;&#8221; custom_margin_phone=&#8221;|0px||0px|false|true&#8221; custom_margin_last_edited=&#8221;on|desktop&#8221; text_font_tablet=&#8221;&#8221; text_font_phone=&#8221;&#8221; text_font_last_edited=&#8221;on|phone&#8221; header_font_size_tablet=&#8221;50px&#8221; header_font_size_phone=&#8221;45px&#8221; header_font_size_last_edited=&#8221;on|desktop&#8221; header_line_height_tablet=&#8221;1.1em&#8221; header_line_height_phone=&#8221;1.2em&#8221; header_line_height_last_edited=&#8221;off|desktop&#8221;]<h1 style=\"text-align: left\">F\u00fcge-prozesse<\/h1>[\/et_pb_text][et_pb_text _builder_version=&#8221;4.9.1&#8243; _module_preset=&#8221;default&#8221; width=&#8221;62%&#8221; width_tablet=&#8221;&#8221; width_phone=&#8221;100%&#8221; width_last_edited=&#8221;on|phone&#8221; custom_padding=&#8221;|||150px||&#8221; custom_padding_tablet=&#8221;&#8221; custom_padding_phone=&#8221;|||0px|false|false&#8221; custom_padding_last_edited=&#8221;on|phone&#8221;]<blockquote><\/blockquote>\n<blockquote>\n<h6><span style=\"color: #ffffff\">Successful industrial production is largely dependent on reliable joining processes.<\/span><\/h6>\n<\/blockquote>[\/et_pb_text][\/et_pb_column][\/et_pb_row][\/et_pb_section][et_pb_section fb_built=&#8221;1&#8243; admin_label=&#8221;Services Section&#8221; _builder_version=&#8221;4.9.1&#8243; background_color=&#8221;#FFFFFF&#8221; custom_padding=&#8221;120px|0px|60px|0px||&#8221;][et_pb_row column_structure=&#8221;2_5,3_5&#8243; _builder_version=&#8221;4.9.1&#8243; _module_preset=&#8221;default&#8221;][et_pb_column type=&#8221;2_5&#8243; _builder_version=&#8221;4.9.1&#8243; _module_preset=&#8221;default&#8221;][et_pb_text _builder_version=&#8221;4.9.1&#8243; _module_preset=&#8221;default&#8221; header_2_font_size=&#8221;60px&#8221;]<h2><span style=\"color: #000000\">Joining as a key<\/span><br><span style=\"color: #000000\">process<\/span><\/h2>[\/et_pb_text][\/et_pb_column][et_pb_column type=&#8221;3_5&#8243; _builder_version=&#8221;4.9.1&#8243; _module_preset=&#8221;default&#8221;][et_pb_text _builder_version=&#8221;4.9.1&#8243; _module_preset=&#8221;default&#8221;]<p style=\"text-align: left\">The press-fit connection is still one of the most common methods for joining components. We have dealt with it intensively and developed and optimized the equipment. Whether joining on block or on measure, forces from 1KN to 700 KN we know the spectrum in the field of automated assembly.  <\/p>\n<p style=\"text-align: left\">Electromechanical joining technology built on stable C-frames or frame constructions fulfill these tasks.<\/p>\n<p style=\"text-align: left\">Our know-how about the product parameters is also decisive. At what speed can the various materials, dry or oiled, be joined? <\/p>\n<p style=\"text-align: left\">In case of doubt, the mating is tested and the process is examined in our test laboratory using a standard joining station.<\/p>\n<p style=\"text-align: left\">The appropriate equipment can thus be selected in the best possible way. The associated force-displacement evaluation provides the basis for the quality assessment of the joining process. <\/p>[\/et_pb_text][\/et_pb_column][\/et_pb_row][\/et_pb_section][et_pb_section fb_built=&#8221;1&#8243; _builder_version=&#8221;4.9.1&#8243; _module_preset=&#8221;default&#8221;][et_pb_row _builder_version=&#8221;4.9.1&#8243; _module_preset=&#8221;default&#8221;][et_pb_column type=&#8221;4_4&#8243; _builder_version=&#8221;4.9.1&#8243; _module_preset=&#8221;default&#8221;][et_pb_text disabled_on=&#8221;on|off|off&#8221; _builder_version=&#8221;4.9.1&#8243; _module_preset=&#8221;default&#8221; header_2_font_size=&#8221;60px&#8221;]<h2 style=\"text-align: center\"><span style=\"color: #000000\">Basic equipment joining tongs<\/span><\/h2>[\/et_pb_text][et_pb_text disabled_on=&#8221;on|off|off&#8221; _builder_version=&#8221;4.9.1&#8243; _module_preset=&#8221;default&#8221; custom_margin=&#8221;||60px|||&#8221;]<p style=\"text-align: center\"><span style=\"color: #000000\">Stability, rigidity and precision are the distinctive features of our C &#8211; joining tongs.<\/span><br><span style=\"color: #000000\">The joining forces are introduced via electromechanical joining units from our renowned partners.<\/span><br><span style=\"color: #000000\">Special pre-centering units and precise component fixtures ensure the alignment of the parts to be assembled.<\/span><\/p>[\/et_pb_text][et_pb_text disabled_on=&#8221;off|on|on&#8221; _builder_version=&#8221;4.9.1&#8243; _module_preset=&#8221;default&#8221;]<h2 style=\"text-align: left\"><span style=\"color: #000000\">Grundausstattung Verbindungszangen<\/span><\/h2>[\/et_pb_text][et_pb_text disabled_on=&#8221;off|on|on&#8221; _builder_version=&#8221;4.9.1&#8243; _module_preset=&#8221;default&#8221; custom_margin=&#8221;||60px|||&#8221;]<p style=\"text-align: left\"><span style=\"color: #000000\">Stabilit\u00e4t, Steifigkeit und Pr\u00e4zision sind die Merkmale unserer C-Verbindungszangen.<\/span><br><span style=\"color: #000000\">Die Einbringung der F\u00fcgekr\u00e4fte erfolgt \u00fcber elektromechanische F\u00fcgeeinheiten unserer renommierten Partner.<\/span><br><span style=\"color: #000000\">Spezielle Vorzentriereinheiten und pr\u00e4zise Bauteilvorrichtungen gew\u00e4hrleisten die Ausrichtung der zu montierenden Teile.<\/span><\/p>[\/et_pb_text][et_pb_image src=&#8221;https:\/\/www.prowin-aw.de\/wp-content\/uploads\/2021\/07\/PROWIN-AW-Fuegen-Fuegezange-2.png&#8221; title_text=&#8221;PROWIN-AW-F\u00fcgen-F\u00fcgezange&#8221; align=&#8221;center&#8221; force_fullwidth=&#8221;on&#8221; _builder_version=&#8221;4.9.1&#8243; _module_preset=&#8221;default&#8221;][\/et_pb_image][\/et_pb_column][\/et_pb_row][et_pb_row _builder_version=&#8221;4.9.1&#8243; _module_preset=&#8221;default&#8221; custom_padding=&#8221;120px|||||&#8221;][et_pb_column type=&#8221;4_4&#8243; _builder_version=&#8221;4.9.1&#8243; _module_preset=&#8221;default&#8221;][et_pb_text _builder_version=&#8221;4.9.1&#8243; _module_preset=&#8221;default&#8221; header_2_font_size=&#8221;60px&#8221;]<h2 style=\"text-align: center\"><span style=\"color: #000000\">Equipment<\/span><\/h2>[\/et_pb_text][\/et_pb_column][\/et_pb_row][et_pb_row disabled_on=&#8221;off|on|on&#8221; _builder_version=&#8221;4.9.1&#8243; _module_preset=&#8221;default&#8221;][et_pb_column type=&#8221;4_4&#8243; _builder_version=&#8221;4.9.1&#8243; _module_preset=&#8221;default&#8221;][et_pb_text disabled_on=&#8221;off|off|off&#8221; _builder_version=&#8221;4.9.1&#8243; _module_preset=&#8221;default&#8221;]<h2 style=\"text-align: left\">Component wetting<\/h2>[\/et_pb_text][et_pb_text disabled_on=&#8221;off|off|off&#8221; _builder_version=&#8221;4.9.1&#8243; _module_preset=&#8221;default&#8221;]<p style=\"text-align: left\"><span style=\"color: #000000\">It depends on the material pairing whether the joining process runs as intended by the developer.<\/span><\/p>\n<p style=\"text-align: left\"><span style=\"color: #000000\">In some applications, the sliding properties must be improved with suitable wetting agents. For this purpose, we have developed, optimized and widely used various processes suitable for the application. <\/span><\/p>\n<p style=\"text-align: left\"><span style=\"color: #000000\">We mainly use the following methods: Spray wetting, brush wetting, roll-off wetting<\/span><\/p>[\/et_pb_text][\/et_pb_column][\/et_pb_row][et_pb_row column_structure=&#8221;3_5,2_5&#8243; make_equal=&#8221;on&#8221; disabled_on=&#8221;off|off|off&#8221; _builder_version=&#8221;4.9.1&#8243; _module_preset=&#8221;default&#8221; custom_padding=&#8221;60px|||||&#8221; custom_css_main_element=&#8221;align-items: center;&#8221; locked=&#8221;off&#8221;][et_pb_column type=&#8221;3_5&#8243; _builder_version=&#8221;4.9.1&#8243; _module_preset=&#8221;default&#8221;][et_pb_code _builder_version=&#8221;4.9.1&#8243; _module_preset=&#8221;default&#8221;][\/et_pb_code][\/et_pb_column][et_pb_column type=&#8221;2_5&#8243; _builder_version=&#8221;4.9.1&#8243; _module_preset=&#8221;default&#8221;][et_pb_text disabled_on=&#8221;on|off|off&#8221; _builder_version=&#8221;4.9.1&#8243; _module_preset=&#8221;default&#8221;]<h2 style=\"text-align: left\"><span style=\"color: #000000\">Component wetting<\/span><\/h2>[\/et_pb_text][et_pb_text disabled_on=&#8221;on|off|off&#8221; _builder_version=&#8221;4.9.1&#8243; _module_preset=&#8221;default&#8221;]<p style=\"text-align: left\"><span style=\"color: #000000\">The material pairing determines whether the joining process runs as intended by the developer.<\/span><\/p>\n<p style=\"text-align: left\"><span style=\"color: #000000\">In some applications, the sliding properties must be improved with suitable wetting agents. For this purpose, we have developed, optimized and widely used various processes suitable for the application. <\/span><\/p>\n<p style=\"text-align: left\"><span style=\"color: #000000\">We mainly use the following methods: spray moistening, brush moistening, roll-off moistening.<\/span><\/p>[\/et_pb_text][\/et_pb_column][\/et_pb_row][et_pb_row column_structure=&#8221;2_5,3_5&#8243; make_equal=&#8221;on&#8221; disabled_on=&#8221;off|off|off&#8221; _builder_version=&#8221;4.9.1&#8243; _module_preset=&#8221;default&#8221; custom_padding=&#8221;100px|||||&#8221; custom_css_main_element=&#8221;align-items: center;&#8221; locked=&#8221;off&#8221;][et_pb_column type=&#8221;2_5&#8243; _builder_version=&#8221;4.9.1&#8243; _module_preset=&#8221;default&#8221;][et_pb_text _builder_version=&#8221;4.9.1&#8243; _module_preset=&#8221;default&#8221;]<h2 style=\"text-align: left\"><span style=\"color: #000000\">Compression<\/span><\/h2>[\/et_pb_text][et_pb_text _builder_version=&#8221;4.9.1&#8243; _module_preset=&#8221;default&#8221;]<p style=\"text-align: left\"><span style=\"color: #000000\">The interference is the measure when it comes to the squeezing out force and thus also the joining force.<\/span><\/p>\n<p style=\"text-align: left\"><span style=\"color: #000000\">Elastomeric bearings are often developed with considerable oversize and sometimes also in slotted form in order to achieve high press-out forces with a small installation space and low weight.<\/span><\/p>\n<p style=\"text-align: left\"><span style=\"color: #000000\">The compression units we have designed and continuously improved enable these components to be processed.<\/span><\/p>[\/et_pb_text][\/et_pb_column][et_pb_column type=&#8221;3_5&#8243; _builder_version=&#8221;4.9.1&#8243; _module_preset=&#8221;default&#8221;][et_pb_code _builder_version=&#8221;4.9.1&#8243; _module_preset=&#8221;default&#8221;][\/et_pb_code][\/et_pb_column][\/et_pb_row][et_pb_row disabled_on=&#8221;off|on|on&#8221; _builder_version=&#8221;4.9.1&#8243; _module_preset=&#8221;default&#8221; custom_padding=&#8221;60px|||||&#8221;][et_pb_column type=&#8221;4_4&#8243; _builder_version=&#8221;4.9.1&#8243; _module_preset=&#8221;default&#8221;][et_pb_text disabled_on=&#8221;off|off|off&#8221; _builder_version=&#8221;4.9.1&#8243; _module_preset=&#8221;default&#8221;]<h2 style=\"text-align: left\"><span style=\"color: #000000\">Component supply<\/span><\/h2>[\/et_pb_text][et_pb_text disabled_on=&#8221;off|off|off&#8221; _builder_version=&#8221;4.9.1&#8243; _module_preset=&#8221;default&#8221;]<p style=\"text-align: left\"><span style=\"color: #000000\">We have developed many variants for component feeding. Whether from bulk or sorted in component-specific transport containers, we bring the parts to your place. <\/span><\/p>\n<p style=\"text-align: left\"><span style=\"color: #000000\">In most cases, position orientation is also important. Optical systems help here and detect the appropriate type at the same time. <\/span><\/p>[\/et_pb_text][\/et_pb_column][\/et_pb_row][et_pb_row column_structure=&#8221;3_5,2_5&#8243; make_equal=&#8221;on&#8221; disabled_on=&#8221;off|off|off&#8221; _builder_version=&#8221;4.9.1&#8243; _module_preset=&#8221;default&#8221; custom_padding=&#8221;60px|||||&#8221; custom_css_main_element=&#8221;align-items: center;&#8221; locked=&#8221;off&#8221;][et_pb_column type=&#8221;3_5&#8243; _builder_version=&#8221;4.9.1&#8243; _module_preset=&#8221;default&#8221;][et_pb_code _builder_version=&#8221;4.9.1&#8243; _module_preset=&#8221;default&#8221;]<!-- [et_pb_line_break_holder] --><!-- [et_pb_line_break_holder] -->\t\t\t\t\t<!-- [et_pb_line_break_holder] --><!-- [et_pb_line_break_holder] -->\t\t\t\t\t[\/et_pb_code][\/et_pb_column][et_pb_column type=&#8221;2_5&#8243; _builder_version=&#8221;4.9.1&#8243; _module_preset=&#8221;default&#8221;][et_pb_text disabled_on=&#8221;on|off|off&#8221; _builder_version=&#8221;4.9.1&#8243; _module_preset=&#8221;default&#8221;]<h2 style=\"text-align: left\"><span style=\"color: #000000\">Component supply<\/span><\/h2>[\/et_pb_text][et_pb_text disabled_on=&#8221;on|off|off&#8221; _builder_version=&#8221;4.9.1&#8243; _module_preset=&#8221;default&#8221;]<p style=\"text-align: left\"><span style=\"color: #000000\">We have developed many variants for component feeding. Whether from bulk or sorted in component-specific transport containers, we bring the parts to your place. <\/span><\/p>\n<p style=\"text-align: left\"><span style=\"color: #000000\">In most cases, position orientation is also important. Optical systems help here and detect the appropriate type at the same time. <\/span><\/p>[\/et_pb_text][\/et_pb_column][\/et_pb_row][\/et_pb_section]\n","protected":false},"excerpt":{"rendered":"<p>Joining processesF\u00fcge-prozesse Successful industrial production is largely dependent on reliable joining processes. Joining as a keyprocessThe press-fit connection is still one of the most common methods for joining components. We have dealt with it intensively and developed and optimized the equipment. Whether joining on block or on measure, forces from 1KN to 700 KN we [&hellip;]<\/p>\n","protected":false},"author":1,"featured_media":0,"parent":0,"menu_order":0,"comment_status":"closed","ping_status":"closed","template":"","meta":{"_et_pb_use_builder":"on","_et_pb_old_content":"","_et_gb_content_width":"","inline_featured_image":false,"footnotes":""},"class_list":["post-7728","page","type-page","status-publish","hentry"],"_links":{"self":[{"href":"https:\/\/www.prowin-aw.de\/en\/wp-json\/wp\/v2\/pages\/7728","targetHints":{"allow":["GET"]}}],"collection":[{"href":"https:\/\/www.prowin-aw.de\/en\/wp-json\/wp\/v2\/pages"}],"about":[{"href":"https:\/\/www.prowin-aw.de\/en\/wp-json\/wp\/v2\/types\/page"}],"author":[{"embeddable":true,"href":"https:\/\/www.prowin-aw.de\/en\/wp-json\/wp\/v2\/users\/1"}],"replies":[{"embeddable":true,"href":"https:\/\/www.prowin-aw.de\/en\/wp-json\/wp\/v2\/comments?post=7728"}],"version-history":[{"count":7,"href":"https:\/\/www.prowin-aw.de\/en\/wp-json\/wp\/v2\/pages\/7728\/revisions"}],"predecessor-version":[{"id":8091,"href":"https:\/\/www.prowin-aw.de\/en\/wp-json\/wp\/v2\/pages\/7728\/revisions\/8091"}],"wp:attachment":[{"href":"https:\/\/www.prowin-aw.de\/en\/wp-json\/wp\/v2\/media?parent=7728"}],"curies":[{"name":"wp","href":"https:\/\/api.w.org\/{rel}","templated":true}]}}