{"id":7800,"date":"2022-01-19T10:07:42","date_gmt":"2022-01-19T09:07:42","guid":{"rendered":"https:\/\/www.prowin-aw.de\/portfolio-2\/assembly-lines\/engine-assembly\/"},"modified":"2022-01-19T10:07:48","modified_gmt":"2022-01-19T09:07:48","slug":"engine-assembly","status":"publish","type":"page","link":"https:\/\/www.prowin-aw.de\/en\/portfolio-2\/assembly-lines\/engine-assembly\/","title":{"rendered":"Engine Assembly"},"content":{"rendered":"\n[et_pb_section fb_built=&#8221;1&#8243; disabled_on=&#8221;off|off|off&#8221; admin_label=&#8221;Header Section&#8221; _builder_version=&#8221;4.9.1&#8243; use_background_color_gradient=&#8221;on&#8221; background_color_gradient_start=&#8221;rgba(0,0,0,0.88)&#8221; background_color_gradient_end=&#8221;rgba(0,0,0,0.13)&#8221; background_color_gradient_direction=&#8221;102deg&#8221; background_color_gradient_overlays_image=&#8221;on&#8221; background_image=&#8221;https:\/\/www.prowin-aw.de\/wp-content\/uploads\/2021\/07\/PROWIN-AW-Anlagen-Motormontage-2.jpg&#8221; custom_margin=&#8221;|||&#8221; custom_padding=&#8221;9vw|0px|11vw|0px|false|false&#8221; bottom_divider_color=&#8221;rgba(5,41,66,0.3)&#8221; bottom_divider_height=&#8221;20vw&#8221; animation_style=&#8221;slide&#8221; animation_direction=&#8221;top&#8221; animation_intensity_slide=&#8221;3%&#8221; animation_starting_opacity=&#8221;100%&#8221; locked=&#8221;off&#8221;][et_pb_row disabled_on=&#8221;off|off|off&#8221; module_class=&#8221; et_pb_row_fullwidth&#8221; _builder_version=&#8221;3.25&#8243; width=&#8221;89%&#8221; width_tablet=&#8221;80%&#8221; width_phone=&#8221;&#8221; width_last_edited=&#8221;on|desktop&#8221; max_width=&#8221;89%&#8221; max_width_tablet=&#8221;80%&#8221; max_width_phone=&#8221;&#8221; max_width_last_edited=&#8221;on|desktop&#8221; custom_padding=&#8221;|||&#8221; make_fullwidth=&#8221;on&#8221;][et_pb_column type=&#8221;4_4&#8243; _builder_version=&#8221;3.25&#8243; custom_padding=&#8221;|||&#8221; custom_padding__hover=&#8221;|||&#8221;][et_pb_text disabled_on=&#8221;on|off|off&#8221; _builder_version=&#8221;4.9.1&#8243; text_font=&#8221;Montserrat||||||||&#8221; text_font_size=&#8221;1px&#8221; text_line_height=&#8221;1.8em&#8221; header_text_align=&#8221;center&#8221; header_line_height=&#8221;1.5em&#8221; text_orientation=&#8221;center&#8221; background_layout=&#8221;dark&#8221; custom_margin=&#8221;0px|||150px|false|false&#8221; custom_margin_tablet=&#8221;|||20px|false|false&#8221; custom_margin_phone=&#8221;|0px||0px|false|true&#8221; custom_margin_last_edited=&#8221;on|phone&#8221; text_font_tablet=&#8221;&#8221; text_font_phone=&#8221;&#8221; text_font_last_edited=&#8221;on|phone&#8221; header_font_size_tablet=&#8221;50px&#8221; header_font_size_phone=&#8221;&#8221; header_font_size_last_edited=&#8221;on|desktop&#8221; header_line_height_tablet=&#8221;1.1em&#8221; header_line_height_phone=&#8221;1.2em&#8221; header_line_height_last_edited=&#8221;off|desktop&#8221;]<h1 style=\"text-align: left\">Engine Assembly<\/h1>[\/et_pb_text][et_pb_text disabled_on=&#8221;off|on|on&#8221; _builder_version=&#8221;4.9.1&#8243; text_font=&#8221;Montserrat||||||||&#8221; text_font_size=&#8221;1px&#8221; text_line_height=&#8221;1.8em&#8221; header_text_align=&#8221;center&#8221; header_line_height=&#8221;1.5em&#8221; text_orientation=&#8221;center&#8221; background_layout=&#8221;dark&#8221; custom_margin=&#8221;0px|||150px|false|false&#8221; custom_margin_tablet=&#8221;|||20px|false|false&#8221; custom_margin_phone=&#8221;|0px||0px|false|true&#8221; custom_margin_last_edited=&#8221;on|phone&#8221; text_font_tablet=&#8221;&#8221; text_font_phone=&#8221;&#8221; text_font_last_edited=&#8221;on|phone&#8221; header_font_size_tablet=&#8221;50px&#8221; header_font_size_phone=&#8221;45px&#8221; header_font_size_last_edited=&#8221;on|desktop&#8221; header_line_height_tablet=&#8221;1.1em&#8221; header_line_height_phone=&#8221;1.2em&#8221; header_line_height_last_edited=&#8221;off|desktop&#8221;]<h1 style=\"text-align: left\">Engine Assembly<\/h1>[\/et_pb_text][et_pb_text _builder_version=&#8221;4.9.1&#8243; _module_preset=&#8221;default&#8221; width=&#8221;70%&#8221; width_tablet=&#8221;&#8221; width_phone=&#8221;100%&#8221; width_last_edited=&#8221;on|phone&#8221; custom_padding=&#8221;|||150px||&#8221; custom_padding_tablet=&#8221;&#8221; custom_padding_phone=&#8221;|||0px|false|false&#8221; custom_padding_last_edited=&#8221;on|phone&#8221;]<blockquote>\n<h6><span style=\"color: #ffffff\">Motors are available in a wide variety of designs and performance classes. The demands of the drive forms of the future are changing. Perpetual complexity sets the stage for new challenges. Our systems take over the complex assembly of all engine components for you &#8211; whether for conventional drive forms or in the field of e-mobility!<\/span><\/h6>\n<\/blockquote>[\/et_pb_text][\/et_pb_column][\/et_pb_row][\/et_pb_section][et_pb_section fb_built=&#8221;1&#8243; custom_padding_last_edited=&#8221;on|phone&#8221; _builder_version=&#8221;4.9.1&#8243; _module_preset=&#8221;default&#8221; background_color=&#8221;#FFFFFF&#8221; custom_margin_tablet=&#8221;&#8221; custom_margin_phone=&#8221;&#8221; custom_margin_last_edited=&#8221;on|desktop&#8221; custom_padding=&#8221;121px||0px||false|true&#8221; custom_padding_tablet=&#8221;&#8221; custom_padding_phone=&#8221;60px||60px||true|true&#8221; locked=&#8221;off&#8221;][et_pb_row column_structure=&#8221;1_2,1_2&#8243; _builder_version=&#8221;4.9.1&#8243; _module_preset=&#8221;default&#8221; custom_margin=&#8221;|auto|-3px|auto||&#8221; custom_margin_tablet=&#8221;|||||false&#8221; custom_margin_phone=&#8221;&#8221; custom_margin_last_edited=&#8221;on|phone&#8221; custom_padding=&#8221;||3px|||&#8221;][et_pb_column type=&#8221;1_2&#8243; _builder_version=&#8221;4.9.1&#8243; _module_preset=&#8221;default&#8221;][et_pb_text _builder_version=&#8221;4.9.1&#8243; _module_preset=&#8221;default&#8221; header_2_font_size=&#8221;60px&#8221; header_2_line_height=&#8221;1.2em&#8221; header_2_font_size_phone=&#8221;28px&#8221;]<h2 style=\"text-align: left\"><span style=\"color: #000000\">Powerful, economical, traditional<\/span><\/h2>[\/et_pb_text][et_pb_text _builder_version=&#8221;4.9.1&#8243; _module_preset=&#8221;default&#8221;]<p style=\"text-align: left\">Wir verf\u00fcgen \u00fcber langj\u00e4hrige Erfahrung in der teil- oder vollautomatisierten Montage von Motoren und deren Komponenten. We explicitly offer solutions in the field of assembly of crankshaft bearing caps, assembly\/disassembly of honing goggles, assembly of sealing plugs and caps in linkages, as well as stand-alone solutions. Leak test devices for the individual chambers of an internal combustion engine round off our product portfolio.<\/p>[\/et_pb_text][\/et_pb_column][et_pb_column type=&#8221;1_2&#8243; _builder_version=&#8221;4.9.1&#8243; _module_preset=&#8221;default&#8221;][et_pb_text _builder_version=&#8221;4.9.1&#8243; _module_preset=&#8221;default&#8221; header_2_font_size=&#8221;60px&#8221; header_2_line_height=&#8221;1.2em&#8221;]<h2 style=\"text-align: left\"><span style=\"color: #000000\">E-mobility &#8211; The drive for the future<\/span><\/h2>[\/et_pb_text][et_pb_text _builder_version=&#8221;4.9.1&#8243; _module_preset=&#8221;default&#8221;]<p style=\"text-align: left\">We face the challenges of the market and are open to new technologies. For us, it does not matter which energy sources feed the drive or for which tasks the motor was designed. We develop concepts and solutions for any assembly process of a drive. Please contact us.   <\/p>[\/et_pb_text][\/et_pb_column][\/et_pb_row][\/et_pb_section][et_pb_section fb_built=&#8221;1&#8243; _builder_version=&#8221;4.9.1&#8243; _module_preset=&#8221;default&#8221; custom_padding=&#8221;60px|||||&#8221;][et_pb_row _builder_version=&#8221;4.9.1&#8243; _module_preset=&#8221;default&#8221; custom_padding=&#8221;0px|||||&#8221;][et_pb_column type=&#8221;4_4&#8243; _builder_version=&#8221;4.9.1&#8243; _module_preset=&#8221;default&#8221;][et_pb_image src=&#8221;https:\/\/www.prowin-aw.de\/wp-content\/uploads\/2021\/07\/PROWIN-AW-Anlagen-3D-Motormontage-02-1.png&#8221; title_text=&#8221;PROWIN-AW-Plants-3D-Motor-Assembly-02&#8243; align=&#8221;center&#8221; force_fullwidth=&#8221;on&#8221; _builder_version=&#8221;4.9.1&#8243; _module_preset=&#8221;default&#8221;][\/et_pb_image][\/et_pb_column][\/et_pb_row][\/et_pb_section][et_pb_section fb_built=&#8221;1&#8243; _builder_version=&#8221;4.9.1&#8243; _module_preset=&#8221;default&#8221; background_color=&#8221;#f5f5f5&#8243; custom_padding=&#8221;120px||120px|||&#8221; locked=&#8221;off&#8221;][et_pb_row _builder_version=&#8221;4.9.1&#8243; _module_preset=&#8221;default&#8221;][et_pb_column type=&#8221;4_4&#8243; _builder_version=&#8221;4.9.1&#8243; _module_preset=&#8221;default&#8221;][et_pb_text disabled_on=&#8221;on|off|off&#8221; _builder_version=&#8221;4.9.1&#8243; _module_preset=&#8221;default&#8221; header_2_font_size=&#8221;60px&#8221; custom_margin=&#8221;||40px|||&#8221; locked=&#8221;off&#8221;]<h2 style=\"text-align: center\"><span style=\"color: #000000\">We assemble your Engine Components<\/span><\/h2>[\/et_pb_text][et_pb_text disabled_on=&#8221;off|on|on&#8221; _builder_version=&#8221;4.9.1&#8243; _module_preset=&#8221;default&#8221; header_2_font_size=&#8221;60px&#8221; custom_margin=&#8221;||40px|||&#8221; locked=&#8221;off&#8221;]<h2 style=\"text-align: center\">We assemble your Engine Components<\/h2>[\/et_pb_text][et_pb_text _builder_version=&#8221;4.9.1&#8243; _module_preset=&#8221;default&#8221;]<p style=\"text-align: center\">In engine assembly, high-performance engines are created from a large number of individual parts. Our plant systems take over the reliable assembly of individual parts up to the complete assembly of future-oriented electric motors. State-of-the-art production technologies perfectly complement the efficient plant concepts.<\/p>[\/et_pb_text][\/et_pb_column][\/et_pb_row][et_pb_row column_structure=&#8221;1_2,1_2&#8243; make_equal=&#8221;on&#8221; _builder_version=&#8221;4.9.1&#8243; _module_preset=&#8221;default&#8221; custom_margin=&#8221;120px|auto||auto||&#8221; custom_css_main_element=&#8221;align-items: center;&#8221;][et_pb_column type=&#8221;1_2&#8243; _builder_version=&#8221;4.9.1&#8243; _module_preset=&#8221;default&#8221;][et_pb_text _builder_version=&#8221;4.9.1&#8243; _module_preset=&#8221;default&#8221;]<h2 style=\"text-align: left\"><span style=\"color: #000000\">Component Pre-Assembly<\/span><\/h2>[\/et_pb_text][et_pb_text _builder_version=&#8221;4.9.1&#8243; _module_preset=&#8221;default&#8221;]<p style=\"text-align: left\">For the machining of cylinder crankcases, a leak test of the water and oil chambers is required upstream, for which we supply the test station with the customer-specific test procedure. Using bolting methods, we assemble the automatically provided ladder frames or bearing covers on the workpiece.<\/p>\n<p style=\"text-align: left\">In joining units, we assemble bushings, valves, balls, sealing plugs, or sealing caps, including the corresponding preliminary processes such as sealant application or oiling. Application quantity and tightness are recorded with adapted test systems to ensure quality.  <\/p>\n<p style=\"text-align: left\">In further work steps, the assembly of auxiliary components, so-called honing goggles, is required. For this purpose, we supply automated assembly and disassembly systems with integrated cleaning systems for the reuse of the auxiliary components. <\/p>\n<p style=\"text-align: left\">Assembly lines for valve seat inserts and valve guides can be found in cylinder head machining lines. After the valve seats and valve guides have been pre-machined, the valve guides can be joined to press-in depth and the valve rings to face contact. <\/p>[\/et_pb_text][\/et_pb_column][et_pb_column type=&#8221;1_2&#8243; _builder_version=&#8221;4.9.1&#8243; _module_preset=&#8221;default&#8221;][et_pb_code _builder_version=&#8221;4.9.1&#8243; _module_preset=&#8221;default&#8221;][\/et_pb_code][\/et_pb_column][\/et_pb_row][et_pb_row column_structure=&#8221;1_2,1_2&#8243; make_equal=&#8221;on&#8221; disabled_on=&#8221;on|off|off&#8221; _builder_version=&#8221;4.9.1&#8243; _module_preset=&#8221;default&#8221; custom_padding=&#8221;121px||80px|||&#8221; custom_css_main_element=&#8221;align-items: center;&#8221;][et_pb_column type=&#8221;1_2&#8243; _builder_version=&#8221;4.9.1&#8243; _module_preset=&#8221;default&#8221;][et_pb_image src=&#8221;https:\/\/www.prowin-aw.de\/wp-content\/uploads\/2021\/07\/PROWIN-AW-Anlagen-Motormontage-E-Motor.jpg&#8221; title_text=&#8221;PROWIN-AW-Plants-Motor-Mounting-E-Motor&#8221; _builder_version=&#8221;4.9.1&#8243; _module_preset=&#8221;default&#8221; background_color=&#8221;#FFFFFF&#8221;][\/et_pb_image][\/et_pb_column][et_pb_column type=&#8221;1_2&#8243; _builder_version=&#8221;4.9.1&#8243; _module_preset=&#8221;default&#8221;][et_pb_text _builder_version=&#8221;4.9.1&#8243; _module_preset=&#8221;default&#8221;]<h2><span style=\"color: #000000\">POWERTRAIN &#8211; Competence in E-Motor assembly<\/span><\/h2>[\/et_pb_text][et_pb_text _builder_version=&#8221;4.9.1&#8243; _module_preset=&#8221;default&#8221;]<p style=\"text-align: left\">Innovative electric drive concepts are revolutionizing automotive engineering. We supply the assembly technology for them. <\/p>\n<p style=\"text-align: left\">We offer you the conception, design, manufacturing and commissioning of all manufacturing processes of the e-motor and e-axis assembly in the usual PROWIN A+W quality.<\/p>[\/et_pb_text][\/et_pb_column][\/et_pb_row][et_pb_row column_structure=&#8221;1_2,1_2&#8243; make_equal=&#8221;on&#8221; disabled_on=&#8221;off|on|on&#8221; _builder_version=&#8221;4.9.1&#8243; _module_preset=&#8221;default&#8221; custom_padding=&#8221;80px||80px|||&#8221; custom_css_main_element=&#8221;align-items: center;&#8221;][et_pb_column type=&#8221;1_2&#8243; _builder_version=&#8221;4.9.1&#8243; _module_preset=&#8221;default&#8221;][et_pb_text _builder_version=&#8221;4.9.1&#8243; _module_preset=&#8221;default&#8221;]<h2>Engine Assembly<\/h2>[\/et_pb_text][et_pb_text _builder_version=&#8221;4.9.1&#8243; _module_preset=&#8221;default&#8221;]<p style=\"text-align: left\">Innovative electric drive concepts are revolutionizing automotive engineering. We supply the assembly technology for them. <\/p>\n<p style=\"text-align: left\">We offer you the conception, design, manufacturing and commissioning of all manufacturing processes of the e-motor and e-axis assembly in the usual PROWIN A+W quality.<\/p>[\/et_pb_text][\/et_pb_column][et_pb_column type=&#8221;1_2&#8243; _builder_version=&#8221;4.9.1&#8243; _module_preset=&#8221;default&#8221;][et_pb_image src=&#8221;https:\/\/www.prowin-aw.de\/wp-content\/uploads\/2021\/07\/PROWIN-AW-Anlagen-Motormontage-E-Motor.jpg&#8221; title_text=&#8221;PROWIN-AW-Plants-Motor-Mounting-E-Motor&#8221; _builder_version=&#8221;4.9.1&#8243; _module_preset=&#8221;default&#8221;][\/et_pb_image][\/et_pb_column][\/et_pb_row][\/et_pb_section][et_pb_section fb_built=&#8221;1&#8243; disabled_on=&#8221;on|on|on&#8221; _builder_version=&#8221;4.9.1&#8243; _module_preset=&#8221;default&#8221; background_color=&#8221;#A9AD52&#8243; custom_padding=&#8221;121px||0px|||&#8221; disabled=&#8221;on&#8221;][et_pb_row _builder_version=&#8221;4.9.1&#8243; _module_preset=&#8221;default&#8221;][et_pb_column type=&#8221;4_4&#8243; _builder_version=&#8221;4.9.1&#8243; _module_preset=&#8221;default&#8221;][\/et_pb_column][\/et_pb_row][et_pb_row column_structure=&#8221;1_2,1_2&#8243; disabled_on=&#8221;on|off|off&#8221; _builder_version=&#8221;4.9.1&#8243; _module_preset=&#8221;default&#8221;][et_pb_column type=&#8221;1_2&#8243; _builder_version=&#8221;4.9.1&#8243; _module_preset=&#8221;default&#8221;][et_pb_text _builder_version=&#8221;4.9.1&#8243; _module_preset=&#8221;default&#8221;]<p style=\"text-align: left\">We face the challenges of the market and are open to new technologies. For us, it does not matter which energy sources feed the drive or for which tasks the motor was designed. We develop concepts and solutions for any assembly process of a drive. Please contact us.   <\/p>[\/et_pb_text][\/et_pb_column][et_pb_column type=&#8221;1_2&#8243; _builder_version=&#8221;4.9.1&#8243; _module_preset=&#8221;default&#8221;][et_pb_text _builder_version=&#8221;4.9.1&#8243; _module_preset=&#8221;default&#8221; header_2_font_size=&#8221;60px&#8221; header_2_line_height=&#8221;1.2em&#8221;]<h2>Promising: green and pioneering<\/h2>[\/et_pb_text][\/et_pb_column][\/et_pb_row][et_pb_row column_structure=&#8221;1_2,1_2&#8243; disabled_on=&#8221;off|on|on&#8221; _builder_version=&#8221;4.9.1&#8243; _module_preset=&#8221;default&#8221;][et_pb_column type=&#8221;1_2&#8243; _builder_version=&#8221;4.9.1&#8243; _module_preset=&#8221;default&#8221;][et_pb_text disabled_on=&#8221;off|on|on&#8221; _builder_version=&#8221;4.9.1&#8243; _module_preset=&#8221;default&#8221; header_2_line_height=&#8221;1.2em&#8221; header_2_font_size_phone=&#8221;28px&#8221;]<h2 style=\"text-align: left\">Promising, environmentally friendly, forward-looking<\/h2>[\/et_pb_text][\/et_pb_column][et_pb_column type=&#8221;1_2&#8243; _builder_version=&#8221;4.9.1&#8243; _module_preset=&#8221;default&#8221;][et_pb_text _builder_version=&#8221;4.9.1&#8243; _module_preset=&#8221;default&#8221;]<p style=\"text-align: left\">We face the challenges of the market and are open to new technologies. For us, it does not matter which energy sources feed the drive or for which tasks the motor was designed. We develop concepts and solutions for any assembly process of a drive. Please contact us.   <\/p>[\/et_pb_text][\/et_pb_column][\/et_pb_row][\/et_pb_section][et_pb_section fb_built=&#8221;1&#8243; _builder_version=&#8221;4.9.1&#8243; _module_preset=&#8221;default&#8221; background_enable_color=&#8221;off&#8221; custom_padding=&#8221;120px||120px|||&#8221; locked=&#8221;off&#8221;][et_pb_row _builder_version=&#8221;4.9.1&#8243; _module_preset=&#8221;default&#8221; custom_padding=&#8221;2px|||||&#8221;][et_pb_column type=&#8221;4_4&#8243; _builder_version=&#8221;4.9.1&#8243; _module_preset=&#8221;default&#8221;][et_pb_text _builder_version=&#8221;4.9.1&#8243; _module_preset=&#8221;default&#8221; header_font=&#8221;Montserrat||||||||&#8221;]<h2 style=\"text-align: center\"><span style=\"color: #000000\">Customers<\/span><\/h2>[\/et_pb_text][et_pb_text admin_label=&#8221;Section Title &#8221; _builder_version=&#8221;4.9.1&#8243; text_font=&#8221;||||||||&#8221; text_text_color=&#8221;#75848f&#8221; text_font_size=&#8221;18px&#8221; header_font=&#8221;||||||||&#8221; header_line_height=&#8221;1.4em&#8221; header_2_font=&#8221;Montserrat||||||||&#8221; header_2_text_align=&#8221;center&#8221; header_2_line_height=&#8221;1.5em&#8221; text_orientation=&#8221;center&#8221; custom_margin=&#8221;|||&#8221; custom_padding=&#8221;|||&#8221; text_font_size_tablet=&#8221;16px&#8221; text_font_size_phone=&#8221;16px&#8221; text_font_size_last_edited=&#8221;on|desktop&#8221;]<p><span style=\"color: #000000\">Unsere Kunden sind unsere Partner &#8211; das Vertrauen, das sie uns entgegenbringen, und der gegenseitige Respekt, den wir mit ihnen teilen, sind die Grundlage unseres Erfolgs.<\/span><br><span style=\"color: #000000\">gegenseitige Wertsch\u00e4tzung ist unser Antrieb Zu unseren Kunden geh\u00f6ren: <\/span><\/p>[\/et_pb_text][\/et_pb_column][\/et_pb_row][et_pb_row column_structure=&#8221;1_2,1_2&#8243; disabled_on=&#8221;off|on|on&#8221; _builder_version=&#8221;4.9.1&#8243; _module_preset=&#8221;default&#8221; custom_css_main_element=&#8221;display: flex;&#8221;][et_pb_column type=&#8221;1_2&#8243; _builder_version=&#8221;4.9.1&#8243; _module_preset=&#8221;default&#8221;][et_pb_image src=&#8221;https:\/\/www.prowin-aw.de\/wp-content\/uploads\/2021\/03\/PROWIN-AW-Kunden-BMW.jpg&#8221; title_text=&#8221;PROWIN-AW-Kunden-BMW&#8221; align=&#8221;center&#8221; _builder_version=&#8221;4.9.1&#8243; _module_preset=&#8221;default&#8221; ab_goal=&#8221;on&#8221;][\/et_pb_image][\/et_pb_column][et_pb_column type=&#8221;1_2&#8243; _builder_version=&#8221;4.9.1&#8243; _module_preset=&#8221;default&#8221;][et_pb_image src=&#8221;https:\/\/www.prowin-aw.de\/wp-content\/uploads\/2021\/05\/VW.jpg&#8221; title_text=&#8221;VW&#8221; align=&#8221;center&#8221; _builder_version=&#8221;4.9.1&#8243; _module_preset=&#8221;default&#8221;][\/et_pb_image][\/et_pb_column][\/et_pb_row][et_pb_row disabled_on=&#8221;off|on|on&#8221; _builder_version=&#8221;4.9.1&#8243; _module_preset=&#8221;default&#8221; custom_css_main_element=&#8221;display: flex;&#8221;][et_pb_column type=&#8221;4_4&#8243; _builder_version=&#8221;4.9.1&#8243; _module_preset=&#8221;default&#8221;][et_pb_image src=&#8221;https:\/\/www.prowin-aw.de\/wp-content\/uploads\/2021\/05\/Audi.jpg&#8221; title_text=&#8221;Audi&#8221; align=&#8221;center&#8221; _builder_version=&#8221;4.9.1&#8243; _module_preset=&#8221;default&#8221; width=&#8221;50%&#8221; ab_goal=&#8221;on&#8221;][\/et_pb_image][\/et_pb_column][\/et_pb_row][et_pb_row column_structure=&#8221;1_3,1_3,1_3&#8243; disabled_on=&#8221;on|off|off&#8221; _builder_version=&#8221;4.9.1&#8243; _module_preset=&#8221;default&#8221; custom_css_main_element=&#8221;display: flex;&#8221;][et_pb_column type=&#8221;1_3&#8243; _builder_version=&#8221;4.9.1&#8243; _module_preset=&#8221;default&#8221;][et_pb_image src=&#8221;https:\/\/www.prowin-aw.de\/wp-content\/uploads\/2021\/03\/PROWIN-AW-Kunden-BMW.jpg&#8221; title_text=&#8221;PROWIN-AW-Kunden-BMW&#8221; align=&#8221;center&#8221; _builder_version=&#8221;4.9.1&#8243; _module_preset=&#8221;default&#8221; ab_goal=&#8221;on&#8221;][\/et_pb_image][\/et_pb_column][et_pb_column type=&#8221;1_3&#8243; _builder_version=&#8221;4.9.1&#8243; _module_preset=&#8221;default&#8221;][et_pb_image src=&#8221;https:\/\/www.prowin-aw.de\/wp-content\/uploads\/2021\/05\/VW.jpg&#8221; title_text=&#8221;VW&#8221; align=&#8221;center&#8221; _builder_version=&#8221;4.9.1&#8243; _module_preset=&#8221;default&#8221;][\/et_pb_image][\/et_pb_column][et_pb_column type=&#8221;1_3&#8243; _builder_version=&#8221;4.9.1&#8243; _module_preset=&#8221;default&#8221;][et_pb_image src=&#8221;https:\/\/www.prowin-aw.de\/wp-content\/uploads\/2021\/05\/Audi.jpg&#8221; title_text=&#8221;Audi&#8221; align=&#8221;center&#8221; _builder_version=&#8221;4.9.1&#8243; _module_preset=&#8221;default&#8221;][\/et_pb_image][\/et_pb_column][\/et_pb_row][\/et_pb_section][et_pb_section fb_built=&#8221;1&#8243; _builder_version=&#8221;4.9.1&#8243; background_color=&#8221;#000000&#8243; custom_padding=&#8221;90px||90px|&#8221; locked=&#8221;off&#8221;][et_pb_row column_structure=&#8221;1_4,1_4,1_4,1_4&#8243; use_custom_gutter=&#8221;on&#8221; gutter_width=&#8221;2&#8243; make_equal=&#8221;on&#8221; module_class=&#8221; et_pb_row_fullwidth&#8221; _builder_version=&#8221;3.25&#8243; width=&#8221;94%&#8221; width_tablet=&#8221;80%&#8221; width_phone=&#8221;&#8221; width_last_edited=&#8221;on|desktop&#8221; max_width=&#8221;94%&#8221; max_width_tablet=&#8221;80%&#8221; max_width_phone=&#8221;&#8221; max_width_last_edited=&#8221;on|desktop&#8221; make_fullwidth=&#8221;on&#8221;][et_pb_column type=&#8221;1_4&#8243; _builder_version=&#8221;3.25&#8243; custom_padding=&#8221;|||&#8221; custom_padding__hover=&#8221;|||&#8221;][et_pb_image src=&#8221;https:\/\/www.prowin-aw.de\/wp-content\/uploads\/2021\/05\/PROWIN-AW-Anlagen-Motor-1b.jpg&#8221; title_text=&#8221;PROWIN-AW-Anlagen-Motor-1a&#8221; force_fullwidth=&#8221;on&#8221; align_tablet=&#8221;center&#8221; align_phone=&#8221;&#8221; align_last_edited=&#8221;on|desktop&#8221; _builder_version=&#8221;4.9.1&#8243; animation_style=&#8221;fade&#8221; src__hover_enabled=&#8221;on|hover&#8221; src__hover=&#8221;https:\/\/www.prowin-aw.de\/wp-content\/uploads\/2021\/05\/PROWIN-AW-Anlagen-Motor-1a.jpg&#8221;][\/et_pb_image][\/et_pb_column][et_pb_column type=&#8221;1_4&#8243; _builder_version=&#8221;3.25&#8243; custom_padding=&#8221;|||&#8221; custom_padding__hover=&#8221;|||&#8221;][et_pb_image src=&#8221;https:\/\/www.prowin-aw.de\/wp-content\/uploads\/2021\/05\/PROWIN-AW-Anlagen-Motor-5b.jpg&#8221; title_text=&#8221;PROWIN-AW-Anlagen-Motor-5a&#8221; force_fullwidth=&#8221;on&#8221; align_tablet=&#8221;center&#8221; align_phone=&#8221;&#8221; align_last_edited=&#8221;on|desktop&#8221; _builder_version=&#8221;4.9.1&#8243; animation_style=&#8221;fade&#8221; src__hover_enabled=&#8221;on|hover&#8221; src__hover=&#8221;https:\/\/www.prowin-aw.de\/wp-content\/uploads\/2021\/05\/PROWIN-AW-Anlagen-Motor-5a.jpg&#8221;][\/et_pb_image][\/et_pb_column][et_pb_column type=&#8221;1_4&#8243; _builder_version=&#8221;3.25&#8243; custom_padding=&#8221;|||&#8221; custom_padding__hover=&#8221;|||&#8221;][et_pb_image src=&#8221;https:\/\/www.prowin-aw.de\/wp-content\/uploads\/2021\/05\/PROWIN-AW-Anlagen-Motor-4b.jpg&#8221; title_text=&#8221;PROWIN-AW-Anlagen-Motor-4a&#8221; force_fullwidth=&#8221;on&#8221; align_tablet=&#8221;center&#8221; align_phone=&#8221;&#8221; align_last_edited=&#8221;on|desktop&#8221; _builder_version=&#8221;4.9.1&#8243; animation_style=&#8221;fade&#8221; src__hover_enabled=&#8221;on|hover&#8221; src__hover=&#8221;https:\/\/www.prowin-aw.de\/wp-content\/uploads\/2021\/05\/PROWIN-AW-Anlagen-Motor-4a.jpg&#8221;][\/et_pb_image][\/et_pb_column][et_pb_column type=&#8221;1_4&#8243; _builder_version=&#8221;3.25&#8243; custom_padding=&#8221;|||&#8221; custom_padding__hover=&#8221;|||&#8221;][et_pb_image src=&#8221;https:\/\/www.prowin-aw.de\/wp-content\/uploads\/2021\/05\/PROWIN-AW-Anlagen-Motor-3b.jpg&#8221; title_text=&#8221;PROWIN-AW-Anlagen-Motor-3a&#8221; force_fullwidth=&#8221;on&#8221; src_last_edited=&#8221;off|desktop&#8221; align_tablet=&#8221;center&#8221; align_phone=&#8221;&#8221; align_last_edited=&#8221;on|desktop&#8221; _builder_version=&#8221;4.9.1&#8243; animation_style=&#8221;fade&#8221; src__hover_enabled=&#8221;on|hover&#8221; src__hover=&#8221;https:\/\/www.prowin-aw.de\/wp-content\/uploads\/2021\/05\/PROWIN-AW-Anlagen-Motor-3a.jpg&#8221;][\/et_pb_image][\/et_pb_column][\/et_pb_row][\/et_pb_section]\n","protected":false},"excerpt":{"rendered":"<p>Engine AssemblyEngine Assembly Motors are available in a wide variety of designs and performance classes. The demands of the drive forms of the future are changing. Perpetual complexity sets the stage for new challenges. Our systems take over the complex assembly of all engine components for you &#8211; whether for conventional drive forms or in [&hellip;]<\/p>\n","protected":false},"author":1,"featured_media":0,"parent":7774,"menu_order":0,"comment_status":"closed","ping_status":"closed","template":"","meta":{"_et_pb_use_builder":"on","_et_pb_old_content":"","_et_gb_content_width":"","inline_featured_image":false,"footnotes":""},"class_list":["post-7800","page","type-page","status-publish","hentry"],"_links":{"self":[{"href":"https:\/\/www.prowin-aw.de\/en\/wp-json\/wp\/v2\/pages\/7800","targetHints":{"allow":["GET"]}}],"collection":[{"href":"https:\/\/www.prowin-aw.de\/en\/wp-json\/wp\/v2\/pages"}],"about":[{"href":"https:\/\/www.prowin-aw.de\/en\/wp-json\/wp\/v2\/types\/page"}],"author":[{"embeddable":true,"href":"https:\/\/www.prowin-aw.de\/en\/wp-json\/wp\/v2\/users\/1"}],"replies":[{"embeddable":true,"href":"https:\/\/www.prowin-aw.de\/en\/wp-json\/wp\/v2\/comments?post=7800"}],"version-history":[{"count":4,"href":"https:\/\/www.prowin-aw.de\/en\/wp-json\/wp\/v2\/pages\/7800\/revisions"}],"predecessor-version":[{"id":7804,"href":"https:\/\/www.prowin-aw.de\/en\/wp-json\/wp\/v2\/pages\/7800\/revisions\/7804"}],"up":[{"embeddable":true,"href":"https:\/\/www.prowin-aw.de\/en\/wp-json\/wp\/v2\/pages\/7774"}],"wp:attachment":[{"href":"https:\/\/www.prowin-aw.de\/en\/wp-json\/wp\/v2\/media?parent=7800"}],"curies":[{"name":"wp","href":"https:\/\/api.w.org\/{rel}","templated":true}]}}